{"id":1364,"date":"2023-05-26T15:18:31","date_gmt":"2023-05-26T15:18:31","guid":{"rendered":"https:\/\/xn--mesoncamiofrances-nxb.com\/cachopo\/"},"modified":"2024-09-20T08:36:09","modified_gmt":"2024-09-20T08:36:09","slug":"cachopo","status":"publish","type":"page","link":"https:\/\/xn--mesoncamiofrances-nxb.com\/de\/cachopo\/","title":{"rendered":"Galicischer Cachopo in Sarria"},"content":{"rendered":"\n<div class=\"wp-block-uagb-container uagb-block-6564b506 alignfull uagb-is-root-container\"><div class=\"uagb-container-inner-blocks-wrap\">\n<div class=\"wp-block-uagb-advanced-heading uagb-block-33b6b046\"><h1 class=\"uagb-heading-text\">Finden Sie heraus, wo man den galicischen Cachopo in Sarria essen kann<\/h1><p class=\"uagb-desc-text\">Wenn Sie auf der Suche nach einem Ort sind, an dem Sie einen galicischen Cachopo in Sarria genie\u00dfen k\u00f6nnen, sind Sie hier genau richtig.<\/p><\/div>\n\n\n\n<div class=\"wp-block-uagb-image uagb-block-2bb39c9c wp-block-uagb-image--layout-default wp-block-uagb-image--effect-static wp-block-uagb-image--align-none\"><figure class=\"wp-block-uagb-image__figure\"><img decoding=\"async\" srcset=\"https:\/\/xn--mesoncamiofrances-nxb.com\/wp-content\/uploads\/2020\/09\/frill-free-img.png\n \" sizes=\"auto, (max-width: 480px) 150px\" src=\"https:\/\/xn--mesoncamiofrances-nxb.com\/wp-content\/uploads\/2020\/09\/frill-free-img.png\" alt=\"\" class=\"uag-image-4\" width=\"250\" height=\"27\" title=\"\" loading=\"lazy\"><\/figure><\/div>\n<\/div><\/div>\n\n<div class=\"wp-block-uagb-container uagb-block-0fdbb1e3 alignfull uagb-is-root-container\"><div class=\"uagb-container-inner-blocks-wrap\">\n<div class=\"wp-block-uagb-container uagb-block-5c763070\">\n<div class=\"wp-block-uagb-buttons uagb-buttons__outer-wrap uagb-btn__default-btn uagb-btn-tablet__default-btn uagb-btn-mobile__default-btn uagb-block-d8f5e599 uag-hide-desktop uag-hide-tab\"><div class=\"uagb-buttons__wrap uagb-buttons-layout-wrap\">\n<div class=\"wp-block-uagb-buttons-child uagb-buttons__outer-wrap uagb-block-1d1c8bd9 wp-block-button is-style-outline\"><div class=\"uagb-button__wrapper\"><a class=\"uagb-buttons-repeater wp-block-button__link\" href=\"tel:652931279\" onclick=\"return true;\" rel=\"follow noopener\" target=\"_self\"><div class=\"uagb-button__link\">Buchen Sie telefonisch <\/div><span class=\"uagb-button__icon uagb-button__icon-position-after\"><svg xmlns=\"https:\/\/www.w3.org\/2000\/svg\" viewbox=\"0 0 512 512\"><path d=\"M18.92 351.2l108.5-46.52c12.78-5.531 27.77-1.801 36.45 8.98l44.09 53.82c69.25-34 125.5-90.31 159.5-159.5l-53.81-44.04c-10.75-8.781-14.41-23.69-8.974-36.47l46.51-108.5c6.094-13.91 21.1-21.52 35.79-18.11l100.8 23.25c14.25 3.25 24.22 15.8 24.22 30.46c0 252.3-205.2 457.5-457.5 457.5c-14.67 0-27.18-9.968-30.45-24.22l-23.25-100.8C-2.571 372.4 5.018 357.2 18.92 351.2z\"><\/path><\/svg><\/span><\/a><\/div><\/div>\n<\/div><\/div>\n\n\n\n<div class=\"wp-block-uagb-buttons uagb-buttons__outer-wrap uagb-btn__default-btn uagb-btn-tablet__default-btn uagb-btn-mobile__default-btn uagb-block-0e4172de uag-hide-mob\"><div class=\"uagb-buttons__wrap uagb-buttons-layout-wrap\">\n<div class=\"wp-block-uagb-buttons-child uagb-buttons__outer-wrap uagb-block-17936cf3 wp-block-button is-style-outline\"><div class=\"uagb-button__wrapper\"><a class=\"uagb-buttons-repeater wp-block-button__link\" href=\"https:\/\/xn--mesoncamiofrances-nxb.com\/carta\/\" onclick=\"return true;\" rel=\"follow noopener\" target=\"_self\"><div class=\"uagb-button__link\">Entdecken Sie unser Men\u00fc <\/div><span class=\"uagb-button__icon uagb-button__icon-position-after\"><svg xmlns=\"https:\/\/www.w3.org\/2000\/svg\" viewbox=\"0 0 384 512\"><path d=\"M256 0v128h128L256 0zM224 128L224 0H48C21.49 0 0 21.49 0 48v416C0 490.5 21.49 512 48 512h288c26.51 0 48-21.49 48-48V160h-127.1C238.3 160 224 145.7 224 128zM272 416h-160C103.2 416 96 408.8 96 400C96 391.2 103.2 384 112 384h160c8.836 0 16 7.162 16 16C288 408.8 280.8 416 272 416zM272 352h-160C103.2 352 96 344.8 96 336C96 327.2 103.2 320 112 320h160c8.836 0 16 7.162 16 16C288 344.8 280.8 352 272 352zM288 272C288 280.8 280.8 288 272 288h-160C103.2 288 96 280.8 96 272C96 263.2 103.2 256 112 256h160C280.8 256 288 263.2 288 272z\"><\/path><\/svg><\/span><\/a><\/div><\/div>\n\n\n\n<div class=\"wp-block-uagb-buttons-child uagb-buttons__outer-wrap uagb-block-e191a3a0 wp-block-button is-style-outline\"><div class=\"uagb-button__wrapper\"><a class=\"uagb-buttons-repeater wp-block-button__link\" href=\"https:\/\/xn--mesoncamiofrances-nxb.com\/contacto\/\" onclick=\"return true;\" rel=\"follow noopener\" target=\"_self\"><div class=\"uagb-button__link\">Kontakt mit uns <\/div><span class=\"uagb-button__icon uagb-button__icon-position-after\"><svg xmlns=\"https:\/\/www.w3.org\/2000\/svg\" viewbox=\"0 0 512 512\"><path d=\"M464 64C490.5 64 512 85.49 512 112C512 127.1 504.9 141.3 492.8 150.4L275.2 313.6C263.8 322.1 248.2 322.1 236.8 313.6L19.2 150.4C7.113 141.3 0 127.1 0 112C0 85.49 21.49 64 48 64H464zM217.6 339.2C240.4 356.3 271.6 356.3 294.4 339.2L512 176V384C512 419.3 483.3 448 448 448H64C28.65 448 0 419.3 0 384V176L217.6 339.2z\"><\/path><\/svg><\/span><\/a><\/div><\/div>\n<\/div><\/div>\n\n\n\n<div class=\"wp-block-uagb-info-box uagb-block-46c55e83 uagb-infobox__content-wrap  uagb-infobox-icon-above-title uagb-infobox-image-valign-top\"><div class=\"uagb-ifb-content\"><div class=\"uagb-ifb-title-wrap\"><h2 class=\"uagb-ifb-title\">Der Genuss des galicischen Cachopo<\/h2><\/div><p class=\"uagb-ifb-desc\">Wenn Sie gutes Essen lieben und in Sarria sind, kommen Sie und probieren Sie unseren Cachopo. Dieses Gericht zeichnet sich durch seine gro\u00dfz\u00fcgige Portion galicisches Kalbfleisch, Serrano-Schinken und geschmolzenen K\u00e4se aus.<\/p><\/div><\/div>\n\n\n\n<div class=\"wp-block-uagb-info-box uagb-block-807ea2a4 uagb-infobox__content-wrap  uagb-infobox-icon-above-title uagb-infobox-image-valign-top\"><div class=\"uagb-ifb-content\"><div class=\"uagb-ifb-title-wrap\"><h2 class=\"uagb-ifb-title\">Cachopo<\/h2><\/div><p class=\"uagb-ifb-desc\">Der galicische Cachopo und der asturische Cachopo sind zwei Varianten dieses Gerichts mit jeweils eigenen Merkmalen. <br\/>Der galicische Cachopo wird mit galicischem Kalbfleisch und in der Regel mit lokalem K\u00e4se (in der Regel Arz\u00faa-K\u00e4se) zubereitet, nicht mit dem typischen asturischen K\u00e4se. In beiden F\u00e4llen ist ein wenig Serrano-Schinken enthalten, obwohl es auch Varianten gibt, die Lac\u00f3n oder Cecina de Vaca (Rinderwurst) enthalten.<\/p><\/div><\/div>\n\n\n\n<div class=\"wp-block-uagb-info-box uagb-block-c1dee053 uagb-infobox__content-wrap  uagb-infobox-icon-above-title uagb-infobox-image-valign-top\"><div class=\"uagb-ifb-content\"><div class=\"uagb-ifb-title-wrap\"><h3 class=\"uagb-ifb-title\">Pilger auf dem Camino de Santiago<\/h3><\/div><p class=\"uagb-ifb-desc\">Sarria ist ein Treffpunkt f\u00fcr viele Pilger auf dem Jakobsweg. Wenn Sie sich auf dieses Abenteuer einlassen, empfehlen wir Ihnen, bei unserem Mes\u00f3n einzukehren und unseren Cachopo zu genie\u00dfen. Neben dem Cachopo umfasst unsere Speisekarte eine Vielzahl typisch galicischer Gerichte, wobei wir auch ein &#8222;Fr\u00fchst\u00fccks- und Pilgermen\u00fc&#8220; anbieten.<\/p><\/div><\/div>\n\n\n\n<div class=\"wp-block-uagb-buttons uagb-buttons__outer-wrap uagb-btn__default-btn uagb-btn-tablet__default-btn uagb-btn-mobile__default-btn uagb-block-a2c11003 uag-hide-desktop uag-hide-tab\"><div class=\"uagb-buttons__wrap uagb-buttons-layout-wrap\">\n<div class=\"wp-block-uagb-buttons-child uagb-buttons__outer-wrap uagb-block-814701a8 wp-block-button is-style-outline\"><div class=\"uagb-button__wrapper\"><a class=\"uagb-buttons-repeater wp-block-button__link\" href=\"https:\/\/xn--mesoncamiofrances-nxb.com\/carta\/\" onclick=\"return true;\" rel=\"follow noopener\" target=\"_self\"><div class=\"uagb-button__link\">Entdecken Sie unser Men\u00fc <\/div><span class=\"uagb-button__icon uagb-button__icon-position-after\"><svg xmlns=\"https:\/\/www.w3.org\/2000\/svg\" viewbox=\"0 0 384 512\"><path d=\"M256 0v128h128L256 0zM224 128L224 0H48C21.49 0 0 21.49 0 48v416C0 490.5 21.49 512 48 512h288c26.51 0 48-21.49 48-48V160h-127.1C238.3 160 224 145.7 224 128zM272 416h-160C103.2 416 96 408.8 96 400C96 391.2 103.2 384 112 384h160c8.836 0 16 7.162 16 16C288 408.8 280.8 416 272 416zM272 352h-160C103.2 352 96 344.8 96 336C96 327.2 103.2 320 112 320h160c8.836 0 16 7.162 16 16C288 344.8 280.8 352 272 352zM288 272C288 280.8 280.8 288 272 288h-160C103.2 288 96 280.8 96 272C96 263.2 103.2 256 112 256h160C280.8 256 288 263.2 288 272z\"><\/path><\/svg><\/span><\/a><\/div><\/div>\n\n\n\n<div class=\"wp-block-uagb-buttons-child uagb-buttons__outer-wrap uagb-block-eb6fa4cb wp-block-button is-style-outline\"><div class=\"uagb-button__wrapper\"><a class=\"uagb-buttons-repeater wp-block-button__link\" href=\"tel:652931279\" onclick=\"return true;\" rel=\"follow noopener\" target=\"_self\"><div class=\"uagb-button__link\">Buchen Sie telefonisch <\/div><span class=\"uagb-button__icon uagb-button__icon-position-after\"><svg xmlns=\"https:\/\/www.w3.org\/2000\/svg\" viewbox=\"0 0 512 512\"><path d=\"M18.92 351.2l108.5-46.52c12.78-5.531 27.77-1.801 36.45 8.98l44.09 53.82c69.25-34 125.5-90.31 159.5-159.5l-53.81-44.04c-10.75-8.781-14.41-23.69-8.974-36.47l46.51-108.5c6.094-13.91 21.1-21.52 35.79-18.11l100.8 23.25c14.25 3.25 24.22 15.8 24.22 30.46c0 252.3-205.2 457.5-457.5 457.5c-14.67 0-27.18-9.968-30.45-24.22l-23.25-100.8C-2.571 372.4 5.018 357.2 18.92 351.2z\"><\/path><\/svg><\/span><\/a><\/div><\/div>\n<\/div><\/div>\n<\/div>\n\n\n\n<div class=\"wp-block-uagb-container uagb-block-ab45abda\">\n<div class=\"wp-block-uagb-image uagb-block-32f6f767 wp-block-uagb-image--layout-default wp-block-uagb-image--effect-static wp-block-uagb-image--align-none\"><figure class=\"wp-block-uagb-image__figure\"><img decoding=\"async\" srcset=\"https:\/\/xn--mesoncamiofrances-nxb.com\/wp-content\/uploads\/2023\/06\/Cachopo-asturiano-1.webp\n \" sizes=\"auto, (max-width: 480px) 150px\" src=\"https:\/\/xn--mesoncamiofrances-nxb.com\/wp-content\/uploads\/2023\/06\/Cachopo-asturiano-1.webp\" alt=\"Galicischer Cachopo\" class=\"uag-image-2076\" width=\"285\" height=\"160\" title=\"\" loading=\"lazy\"><\/figure><\/div>\n\n\n\n<div class=\"wp-block-uagb-image uagb-block-28bf2992 wp-block-uagb-image--layout-default wp-block-uagb-image--effect-static wp-block-uagb-image--align-none\"><figure class=\"wp-block-uagb-image__figure\"><img decoding=\"async\" srcset=\"https:\/\/xn--mesoncamiofrances-nxb.com\/wp-content\/uploads\/2023\/06\/Especialidades-cachopo.webp\n \" sizes=\"auto, (max-width: 480px) 150px\" src=\"https:\/\/xn--mesoncamiofrances-nxb.com\/wp-content\/uploads\/2023\/06\/Especialidades-cachopo.webp\" alt=\"Galicischer Cachopo\" class=\"uag-image-1878\" width=\"804\" height=\"1024\" title=\"\" loading=\"lazy\"><\/figure><\/div>\n\n\n\n<div class=\"wp-block-uagb-buttons uagb-buttons__outer-wrap uagb-btn__default-btn uagb-btn-tablet__default-btn uagb-btn-mobile__default-btn uagb-block-a2b3588d uag-hide-desktop uag-hide-tab\"><div class=\"uagb-buttons__wrap uagb-buttons-layout-wrap\">\n<div class=\"wp-block-uagb-buttons-child uagb-buttons__outer-wrap uagb-block-93e1e14b wp-block-button is-style-outline\"><div class=\"uagb-button__wrapper\"><a class=\"uagb-buttons-repeater wp-block-button__link\" href=\"tel:652931279\" onclick=\"return true;\" rel=\"follow noopener\" target=\"_self\"><div class=\"uagb-button__link\">Buchen Sie telefonisch <\/div><span class=\"uagb-button__icon uagb-button__icon-position-after\"><svg xmlns=\"https:\/\/www.w3.org\/2000\/svg\" viewbox=\"0 0 512 512\"><path d=\"M18.92 351.2l108.5-46.52c12.78-5.531 27.77-1.801 36.45 8.98l44.09 53.82c69.25-34 125.5-90.31 159.5-159.5l-53.81-44.04c-10.75-8.781-14.41-23.69-8.974-36.47l46.51-108.5c6.094-13.91 21.1-21.52 35.79-18.11l100.8 23.25c14.25 3.25 24.22 15.8 24.22 30.46c0 252.3-205.2 457.5-457.5 457.5c-14.67 0-27.18-9.968-30.45-24.22l-23.25-100.8C-2.571 372.4 5.018 357.2 18.92 351.2z\"><\/path><\/svg><\/span><\/a><\/div><\/div>\n<\/div><\/div>\n<\/div>\n\n\n\n<div class=\"wp-block-uagb-container uagb-block-c540c002\">\n<div class=\"wp-block-uagb-image uagb-block-896e9a38 wp-block-uagb-image--layout-default wp-block-uagb-image--effect-static wp-block-uagb-image--align-none\"><figure class=\"wp-block-uagb-image__figure\"><img decoding=\"async\" srcset=\"https:\/\/xn--mesoncamiofrances-nxb.com\/wp-content\/uploads\/2023\/06\/Cachopo-asturiano.webp\n \" sizes=\"auto, (max-width: 480px) 150px\" src=\"https:\/\/xn--mesoncamiofrances-nxb.com\/wp-content\/uploads\/2023\/06\/Cachopo-asturiano.webp\" alt=\"Galicischer Cachopo\" class=\"uag-image-2064\" width=\"285\" height=\"380\" title=\"\" loading=\"lazy\"><\/figure><\/div>\n\n\n\n<div class=\"wp-block-uagb-image uagb-block-da1147ad wp-block-uagb-image--layout-default wp-block-uagb-image--effect-static wp-block-uagb-image--align-none\"><figure class=\"wp-block-uagb-image__figure\"><img decoding=\"async\" srcset=\"https:\/\/xn--mesoncamiofrances-nxb.com\/wp-content\/uploads\/2023\/06\/Especialidades-cachopo-2.webp\n \" sizes=\"auto, (max-width: 480px) 150px\" src=\"https:\/\/xn--mesoncamiofrances-nxb.com\/wp-content\/uploads\/2023\/06\/Especialidades-cachopo-2.webp\" alt=\"Galicischer Cachopo\" class=\"uag-image-1891\" width=\"285\" height=\"285\" title=\"\" loading=\"lazy\"><\/figure><\/div>\n<\/div>\n<\/div><\/div>\n","protected":false},"excerpt":{"rendered":"<p>Finden Sie heraus, wo man den galicischen Cachopo in Sarria essen kann Wenn Sie auf der Suche nach einem Ort sind, an dem Sie einen galicischen Cachopo in Sarria genie\u00dfen k\u00f6nnen, sind Sie hier genau richtig.<\/p>\n","protected":false},"author":1,"featured_media":0,"parent":0,"menu_order":0,"comment_status":"closed","ping_status":"closed","template":"","meta":{"_uag_custom_page_level_css":"","site-sidebar-layout":"no-sidebar","site-content-layout":"plain-container","ast-site-content-layout":"default","site-content-style":"default","site-sidebar-style":"default","ast-global-header-display":"","ast-banner-title-visibility":"","ast-main-header-display":"","ast-hfb-above-header-display":"","ast-hfb-below-header-display":"","ast-hfb-mobile-header-display":"","site-post-title":"disabled","ast-breadcrumbs-content":"","ast-featured-img":"","footer-sml-layout":"","theme-transparent-header-meta":"default","adv-header-id-meta":"","stick-header-meta":"","header-above-stick-meta":"","header-main-stick-meta":"","header-below-stick-meta":"","astra-migrate-meta-layouts":"default","ast-page-background-enabled":"default","ast-page-background-meta":{"desktop":{"background-color":"","background-image":"","background-repeat":"repeat","background-position":"center center","background-size":"auto","background-attachment":"scroll","background-type":"","background-media":"","overlay-type":"","overlay-color":"","overlay-opacity":"","overlay-gradient":""},"tablet":{"background-color":"","background-image":"","background-repeat":"repeat","background-position":"center center","background-size":"auto","background-attachment":"scroll","background-type":"","background-media":"","overlay-type":"","overlay-color":"","overlay-opacity":"","overlay-gradient":""},"mobile":{"background-color":"","background-image":"","background-repeat":"repeat","background-position":"center center","background-size":"auto","background-attachment":"scroll","background-type":"","background-media":"","overlay-type":"","overlay-color":"","overlay-opacity":"","overlay-gradient":""}},"ast-content-background-meta":{"desktop":{"background-color":"var(--ast-global-color-5)","background-image":"","background-repeat":"repeat","background-position":"center center","background-size":"auto","background-attachment":"scroll","background-type":"","background-media":"","overlay-type":"","overlay-color":"","overlay-opacity":"","overlay-gradient":""},"tablet":{"background-color":"var(--ast-global-color-5)","background-image":"","background-repeat":"repeat","background-position":"center center","background-size":"auto","background-attachment":"scroll","background-type":"","background-media":"","overlay-type":"","overlay-color":"","overlay-opacity":"","overlay-gradient":""},"mobile":{"background-color":"var(--ast-global-color-5)","background-image":"","background-repeat":"repeat","background-position":"center center","background-size":"auto","background-attachment":"scroll","background-type":"","background-media":"","overlay-type":"","overlay-color":"","overlay-opacity":"","overlay-gradient":""}},"footnotes":""},"class_list":["post-1364","page","type-page","status-publish","hentry"],"yoast_head":"<!-- This site is optimized with the Yoast SEO plugin v25.6 - https:\/\/yoast.com\/wordpress\/plugins\/seo\/ -->\n<title>Galicischer Cachopo in Sarria essen - Mes\u00f3n Cami\u00f1o Franc\u00e9s<\/title>\n<meta name=\"description\" content=\"Wenn Sie in Sarria galicischen Cachopo essen m\u00f6chten, sollten Sie nicht z\u00f6gern, Mes\u00f3n Cami\u00f1o Franc\u00e9s zu besuchen. Portion Kalbfleisch, Serrano-Schinken und geschmolzener K\u00e4se.\" \/>\n<meta name=\"robots\" content=\"index, follow, max-snippet:-1, max-image-preview:large, max-video-preview:-1\" \/>\n<link rel=\"canonical\" href=\"https:\/\/xn--mesoncamiofrances-nxb.com\/de\/cachopo\/\" \/>\n<meta property=\"og:locale\" content=\"de_DE\" \/>\n<meta property=\"og:type\" content=\"article\" \/>\n<meta property=\"og:title\" content=\"Galicischer Cachopo in Sarria essen - Mes\u00f3n Cami\u00f1o Franc\u00e9s\" \/>\n<meta property=\"og:description\" content=\"Wenn Sie in Sarria galicischen Cachopo essen m\u00f6chten, sollten Sie nicht z\u00f6gern, Mes\u00f3n Cami\u00f1o Franc\u00e9s zu besuchen. Portion Kalbfleisch, Serrano-Schinken und geschmolzener K\u00e4se.\" \/>\n<meta property=\"og:url\" content=\"https:\/\/xn--mesoncamiofrances-nxb.com\/de\/cachopo\/\" \/>\n<meta property=\"og:site_name\" content=\"Mes\u00f3n Cami\u00f1o Franc\u00e9s\" \/>\n<meta property=\"article:modified_time\" content=\"2024-09-20T08:36:09+00:00\" \/>\n<meta property=\"og:image\" content=\"https:\/\/xn--mesoncamiofrances-nxb.com\/wp-content\/uploads\/2020\/09\/frill-free-img.png\" \/>\n<meta name=\"twitter:card\" content=\"summary_large_image\" \/>\n<meta name=\"twitter:label1\" content=\"Gesch\u00e4tzte Lesezeit\" \/>\n\t<meta name=\"twitter:data1\" content=\"1\u00a0Minute\" \/>\n<script type=\"application\/ld+json\" class=\"yoast-schema-graph\">{\"@context\":\"https:\/\/schema.org\",\"@graph\":[{\"@type\":\"WebPage\",\"@id\":\"https:\/\/xn--mesoncamiofrances-nxb.com\/de\/cachopo\/\",\"url\":\"https:\/\/xn--mesoncamiofrances-nxb.com\/de\/cachopo\/\",\"name\":\"Galicischer Cachopo in Sarria essen - Mes\u00f3n Cami\u00f1o Franc\u00e9s\",\"isPartOf\":{\"@id\":\"https:\/\/xn--mesoncamiofrances-nxb.com\/#website\"},\"primaryImageOfPage\":{\"@id\":\"https:\/\/xn--mesoncamiofrances-nxb.com\/de\/cachopo\/#primaryimage\"},\"image\":{\"@id\":\"https:\/\/xn--mesoncamiofrances-nxb.com\/de\/cachopo\/#primaryimage\"},\"thumbnailUrl\":\"https:\/\/xn--mesoncamiofrances-nxb.com\/wp-content\/uploads\/2020\/09\/frill-free-img.png\",\"datePublished\":\"2023-05-26T15:18:31+00:00\",\"dateModified\":\"2024-09-20T08:36:09+00:00\",\"description\":\"Wenn Sie in Sarria galicischen Cachopo essen m\u00f6chten, sollten Sie nicht z\u00f6gern, Mes\u00f3n Cami\u00f1o Franc\u00e9s zu besuchen. Portion Kalbfleisch, Serrano-Schinken und geschmolzener K\u00e4se.\",\"breadcrumb\":{\"@id\":\"https:\/\/xn--mesoncamiofrances-nxb.com\/de\/cachopo\/#breadcrumb\"},\"inLanguage\":\"de\",\"potentialAction\":[{\"@type\":\"ReadAction\",\"target\":[\"https:\/\/xn--mesoncamiofrances-nxb.com\/de\/cachopo\/\"]}]},{\"@type\":\"ImageObject\",\"inLanguage\":\"de\",\"@id\":\"https:\/\/xn--mesoncamiofrances-nxb.com\/de\/cachopo\/#primaryimage\",\"url\":\"https:\/\/xn--mesoncamiofrances-nxb.com\/wp-content\/uploads\/2020\/09\/frill-free-img.png\",\"contentUrl\":\"https:\/\/xn--mesoncamiofrances-nxb.com\/wp-content\/uploads\/2020\/09\/frill-free-img.png\"},{\"@type\":\"BreadcrumbList\",\"@id\":\"https:\/\/xn--mesoncamiofrances-nxb.com\/de\/cachopo\/#breadcrumb\",\"itemListElement\":[{\"@type\":\"ListItem\",\"position\":1,\"name\":\"Portada\",\"item\":\"https:\/\/xn--mesoncamiofrances-nxb.com\/de\/\"},{\"@type\":\"ListItem\",\"position\":2,\"name\":\"Galicischer Cachopo in Sarria\"}]},{\"@type\":\"WebSite\",\"@id\":\"https:\/\/xn--mesoncamiofrances-nxb.com\/#website\",\"url\":\"https:\/\/xn--mesoncamiofrances-nxb.com\/\",\"name\":\"Mes\u00f3n Cami\u00f1o Franc\u00e9s\",\"description\":\"Sitio web de Mes&oacute;n Cami&ntilde;o Franc&eacute;s\",\"publisher\":{\"@id\":\"https:\/\/xn--mesoncamiofrances-nxb.com\/#organization\"},\"potentialAction\":[{\"@type\":\"SearchAction\",\"target\":{\"@type\":\"EntryPoint\",\"urlTemplate\":\"https:\/\/xn--mesoncamiofrances-nxb.com\/?s={search_term_string}\"},\"query-input\":{\"@type\":\"PropertyValueSpecification\",\"valueRequired\":true,\"valueName\":\"search_term_string\"}}],\"inLanguage\":\"de\"},{\"@type\":\"Organization\",\"@id\":\"https:\/\/xn--mesoncamiofrances-nxb.com\/#organization\",\"name\":\"Mes\u00f3n Cami\u00f1o Franc\u00e9s\",\"url\":\"https:\/\/xn--mesoncamiofrances-nxb.com\/\",\"logo\":{\"@type\":\"ImageObject\",\"inLanguage\":\"de\",\"@id\":\"https:\/\/xn--mesoncamiofrances-nxb.com\/#\/schema\/logo\/image\/\",\"url\":\"https:\/\/xn--mesoncamiofrances-nxb.com\/wp-content\/uploads\/2024\/03\/Logo-Meson-Camino-Frances.png\",\"contentUrl\":\"https:\/\/xn--mesoncamiofrances-nxb.com\/wp-content\/uploads\/2024\/03\/Logo-Meson-Camino-Frances.png\",\"width\":442,\"height\":314,\"caption\":\"Mes\u00f3n Cami\u00f1o Franc\u00e9s\"},\"image\":{\"@id\":\"https:\/\/xn--mesoncamiofrances-nxb.com\/#\/schema\/logo\/image\/\"}}]}<\/script>\n<!-- \/ Yoast SEO plugin. -->","yoast_head_json":{"title":"Galicischer Cachopo in Sarria essen - Mes\u00f3n Cami\u00f1o Franc\u00e9s","description":"Wenn Sie in Sarria galicischen Cachopo essen m\u00f6chten, sollten Sie nicht z\u00f6gern, Mes\u00f3n Cami\u00f1o Franc\u00e9s zu besuchen. Portion Kalbfleisch, Serrano-Schinken und geschmolzener K\u00e4se.","robots":{"index":"index","follow":"follow","max-snippet":"max-snippet:-1","max-image-preview":"max-image-preview:large","max-video-preview":"max-video-preview:-1"},"canonical":"https:\/\/xn--mesoncamiofrances-nxb.com\/de\/cachopo\/","og_locale":"de_DE","og_type":"article","og_title":"Galicischer Cachopo in Sarria essen - Mes\u00f3n Cami\u00f1o Franc\u00e9s","og_description":"Wenn Sie in Sarria galicischen Cachopo essen m\u00f6chten, sollten Sie nicht z\u00f6gern, Mes\u00f3n Cami\u00f1o Franc\u00e9s zu besuchen. Portion Kalbfleisch, Serrano-Schinken und geschmolzener K\u00e4se.","og_url":"https:\/\/xn--mesoncamiofrances-nxb.com\/de\/cachopo\/","og_site_name":"Mes\u00f3n Cami\u00f1o Franc\u00e9s","article_modified_time":"2024-09-20T08:36:09+00:00","og_image":[{"url":"https:\/\/xn--mesoncamiofrances-nxb.com\/wp-content\/uploads\/2020\/09\/frill-free-img.png","type":"","width":"","height":""}],"twitter_card":"summary_large_image","twitter_misc":{"Gesch\u00e4tzte Lesezeit":"1\u00a0Minute"},"schema":{"@context":"https:\/\/schema.org","@graph":[{"@type":"WebPage","@id":"https:\/\/xn--mesoncamiofrances-nxb.com\/de\/cachopo\/","url":"https:\/\/xn--mesoncamiofrances-nxb.com\/de\/cachopo\/","name":"Galicischer Cachopo in Sarria essen - Mes\u00f3n Cami\u00f1o Franc\u00e9s","isPartOf":{"@id":"https:\/\/xn--mesoncamiofrances-nxb.com\/#website"},"primaryImageOfPage":{"@id":"https:\/\/xn--mesoncamiofrances-nxb.com\/de\/cachopo\/#primaryimage"},"image":{"@id":"https:\/\/xn--mesoncamiofrances-nxb.com\/de\/cachopo\/#primaryimage"},"thumbnailUrl":"https:\/\/xn--mesoncamiofrances-nxb.com\/wp-content\/uploads\/2020\/09\/frill-free-img.png","datePublished":"2023-05-26T15:18:31+00:00","dateModified":"2024-09-20T08:36:09+00:00","description":"Wenn Sie in Sarria galicischen Cachopo essen m\u00f6chten, sollten Sie nicht z\u00f6gern, Mes\u00f3n Cami\u00f1o Franc\u00e9s zu besuchen. Portion Kalbfleisch, Serrano-Schinken und geschmolzener K\u00e4se.","breadcrumb":{"@id":"https:\/\/xn--mesoncamiofrances-nxb.com\/de\/cachopo\/#breadcrumb"},"inLanguage":"de","potentialAction":[{"@type":"ReadAction","target":["https:\/\/xn--mesoncamiofrances-nxb.com\/de\/cachopo\/"]}]},{"@type":"ImageObject","inLanguage":"de","@id":"https:\/\/xn--mesoncamiofrances-nxb.com\/de\/cachopo\/#primaryimage","url":"https:\/\/xn--mesoncamiofrances-nxb.com\/wp-content\/uploads\/2020\/09\/frill-free-img.png","contentUrl":"https:\/\/xn--mesoncamiofrances-nxb.com\/wp-content\/uploads\/2020\/09\/frill-free-img.png"},{"@type":"BreadcrumbList","@id":"https:\/\/xn--mesoncamiofrances-nxb.com\/de\/cachopo\/#breadcrumb","itemListElement":[{"@type":"ListItem","position":1,"name":"Portada","item":"https:\/\/xn--mesoncamiofrances-nxb.com\/de\/"},{"@type":"ListItem","position":2,"name":"Galicischer Cachopo in Sarria"}]},{"@type":"WebSite","@id":"https:\/\/xn--mesoncamiofrances-nxb.com\/#website","url":"https:\/\/xn--mesoncamiofrances-nxb.com\/","name":"Mes\u00f3n Cami\u00f1o Franc\u00e9s","description":"Sitio web de Mes&oacute;n Cami&ntilde;o Franc&eacute;s","publisher":{"@id":"https:\/\/xn--mesoncamiofrances-nxb.com\/#organization"},"potentialAction":[{"@type":"SearchAction","target":{"@type":"EntryPoint","urlTemplate":"https:\/\/xn--mesoncamiofrances-nxb.com\/?s={search_term_string}"},"query-input":{"@type":"PropertyValueSpecification","valueRequired":true,"valueName":"search_term_string"}}],"inLanguage":"de"},{"@type":"Organization","@id":"https:\/\/xn--mesoncamiofrances-nxb.com\/#organization","name":"Mes\u00f3n Cami\u00f1o Franc\u00e9s","url":"https:\/\/xn--mesoncamiofrances-nxb.com\/","logo":{"@type":"ImageObject","inLanguage":"de","@id":"https:\/\/xn--mesoncamiofrances-nxb.com\/#\/schema\/logo\/image\/","url":"https:\/\/xn--mesoncamiofrances-nxb.com\/wp-content\/uploads\/2024\/03\/Logo-Meson-Camino-Frances.png","contentUrl":"https:\/\/xn--mesoncamiofrances-nxb.com\/wp-content\/uploads\/2024\/03\/Logo-Meson-Camino-Frances.png","width":442,"height":314,"caption":"Mes\u00f3n Cami\u00f1o Franc\u00e9s"},"image":{"@id":"https:\/\/xn--mesoncamiofrances-nxb.com\/#\/schema\/logo\/image\/"}}]}},"uagb_featured_image_src":{"full":false,"thumbnail":false,"medium":false,"medium_large":false,"large":false,"1536x1536":false,"2048x2048":false},"uagb_author_info":{"display_name":"caminofrances","author_link":"https:\/\/xn--mesoncamiofrances-nxb.com\/de\/author\/caminofrances\/"},"uagb_comment_info":0,"uagb_excerpt":"Finden Sie heraus, wo man den galicischen Cachopo in Sarria essen kann Wenn Sie auf der Suche nach einem Ort sind, an dem Sie einen galicischen Cachopo in Sarria genie\u00dfen k\u00f6nnen, sind Sie hier genau richtig.","_links":{"self":[{"href":"https:\/\/xn--mesoncamiofrances-nxb.com\/de\/wp-json\/wp\/v2\/pages\/1364","targetHints":{"allow":["GET"]}}],"collection":[{"href":"https:\/\/xn--mesoncamiofrances-nxb.com\/de\/wp-json\/wp\/v2\/pages"}],"about":[{"href":"https:\/\/xn--mesoncamiofrances-nxb.com\/de\/wp-json\/wp\/v2\/types\/page"}],"author":[{"embeddable":true,"href":"https:\/\/xn--mesoncamiofrances-nxb.com\/de\/wp-json\/wp\/v2\/users\/1"}],"replies":[{"embeddable":true,"href":"https:\/\/xn--mesoncamiofrances-nxb.com\/de\/wp-json\/wp\/v2\/comments?post=1364"}],"version-history":[{"count":0,"href":"https:\/\/xn--mesoncamiofrances-nxb.com\/de\/wp-json\/wp\/v2\/pages\/1364\/revisions"}],"wp:attachment":[{"href":"https:\/\/xn--mesoncamiofrances-nxb.com\/de\/wp-json\/wp\/v2\/media?parent=1364"}],"curies":[{"name":"wp","href":"https:\/\/api.w.org\/{rel}","templated":true}]}}