{"id":1410,"date":"2020-09-16T11:15:56","date_gmt":"2020-09-16T11:15:56","guid":{"rendered":"https:\/\/xn--mesoncamiofrances-nxb.com\/contact\/"},"modified":"2025-04-25T16:02:58","modified_gmt":"2025-04-25T16:02:58","slug":"contact","status":"publish","type":"page","link":"https:\/\/xn--mesoncamiofrances-nxb.com\/fr\/contact\/","title":{"rendered":"Contact"},"content":{"rendered":"\n<div class=\"wp-block-uagb-container uagb-block-111d0929 alignfull uagb-is-root-container\"><div class=\"uagb-container-inner-blocks-wrap\">\n<div class=\"wp-block-uagb-advanced-heading uagb-block-c5e2770e\"><h2 class=\"uagb-heading-text\">Nous contacter<\/h2><\/div>\n\n\n\n<div class=\"wp-block-uagb-advanced-heading uagb-block-fcd4ee71\"><p class=\"uagb-heading-text\">\u00a1Bienvenido a nuestra p\u00e1gina de contacto! Aqu\u00ed encontrar\u00e1s todo lo que necesitas para comunicarte con Mes\u00f3n Cami\u00f1o Franc\u00e9s. Contacta con Mes\u00f3n Cami\u00f1o Franc\u00e9s de forma sencilla y obt\u00e9n informaci\u00f3n sobre nuestros horarios, ubicaci\u00f3n en Google Maps y nuestro formulario de contacto. Estamos aqu\u00ed para atender tus preguntas y necesidades. \u00a1Esperamos saber de ti pronto!<\/p><\/div>\n\n\n\n<div class=\"wp-block-uagb-container uagb-block-de1f6d38\"><\/div>\n\n\n\n<div class=\"wp-block-uagb-container uagb-block-5be9e5be\">\n<div class=\"wp-block-uagb-info-box uagb-block-ff544f8a uagb-infobox__content-wrap  uagb-infobox-icon-above-title uagb-infobox-image-valign-top\"><div class=\"uagb-ifb-content\"><div class=\"uagb-ifb-title-wrap\"><h2 class=\"uagb-ifb-title\">Heures d&rsquo;ouverture<\/h2><\/div><p class=\"uagb-ifb-desc\">Nous sommes ouverts du lundi au samedi<br\/> de 17h00 \u00e0 23h30.<\/p><\/div><\/div>\n\n\n\n<div class=\"wp-block-uagb-info-box uagb-block-e0d956e1 uagb-infobox__content-wrap  uagb-infobox-icon-above-title uagb-infobox-image-valign-top\"><div class=\"uagb-ifb-content\"><div class=\"uagb-ifb-title-wrap\"><h2 class=\"uagb-ifb-title\">Heures de repas<\/h2><\/div><p class=\"uagb-ifb-desc\">La cuisine sera ouverte <br\/>de 17h00 \u00e0 22h30.<\/p><\/div><\/div>\n<\/div>\n<\/div><\/div>\n\n<div class=\"wp-block-uagb-container uagb-block-8f1d50d0 alignfull uagb-is-root-container\"><div class=\"uagb-container-inner-blocks-wrap\">\n<div class=\"wp-block-uagb-container uagb-block-09f0fc9e\">\n<div class=\"wp-block-uagb-advanced-heading uagb-block-4e63f0b4\"><h3 class=\"uagb-heading-text\"><strong>Trouvez-nous sur Google Maps<\/strong>, nous sommes situ\u00e9s \u00e0 :<\/h3><\/div>\n\n\n\n<div class=\"wp-block-uagb-info-box uagb-block-ffcf32e8 uagb-infobox__content-wrap  uagb-infobox-icon-left uagb-infobox-left uagb-infobox-image-valign-middle\"><div class=\"uagb-ifb-icon-wrap\"><svg xmlns=\"https:\/\/www.w3.org\/2000\/svg\" viewbox=\"0 0 384 512\"><path d=\"M168.3 499.2C116.1 435 0 279.4 0 192C0 85.96 85.96 0 192 0C298 0 384 85.96 384 192C384 279.4 267 435 215.7 499.2C203.4 514.5 180.6 514.5 168.3 499.2H168.3zM192 256C227.3 256 256 227.3 256 192C256 156.7 227.3 128 192 128C156.7 128 128 156.7 128 192C128 227.3 156.7 256 192 256z\"><\/path><\/svg><\/div><div class=\"uagb-ifb-content\"><div class=\"uagb-ifb-title-wrap\"><h4 class=\"uagb-ifb-title\">R\u00faa Maior, 19, 27600 Sarria, Lugo<\/h4><\/div><\/div><\/div>\n\n\n\t\t\t<div \n\t\t\tclass=\"wp-block-uagb-google-map uagb-google-map__wrap uagb-block-e002a067     \"\n\t\t\tstyle=\"\" >\n\t\t\t\t<embed\n\t\t\t\t\tclass=\"uagb-google-map__iframe\"\n\t\t\t\t\ttitle=\"Carte Google pour \"\n\t\t\t\t\tsrc=\"https:\/\/maps.google.com\/maps?q=mes%C3%B3n%20cami%C3%B1o%20frances%2C%20sarria%20lugo&#038;z=16&#038;hl=es&#038;t=m&#038;output=embed&#038;iwloc=near\"\n\t\t\t\t\twidth=\"640\"\n\t\t\t\t\theight=\"600\"\n\t\t\t\t\tloading=\"lazy\"\n\t\t\t\t><\/embed>\n\t\t\t<\/div>\n\t\t\t\n\n\n<div class=\"wp-block-uagb-buttons uagb-buttons__outer-wrap uagb-btn__default-btn uagb-btn-tablet__default-btn uagb-btn-mobile__default-btn uagb-block-7fef7ad2\"><div class=\"uagb-buttons__wrap uagb-buttons-layout-wrap \">\n<div class=\"wp-block-uagb-buttons-child uagb-buttons__outer-wrap uagb-block-7704e619 wp-block-button\"><div class=\"uagb-button__wrapper\"><a class=\"uagb-buttons-repeater wp-block-button__link\" aria-label=\"\" href=\"https:\/\/xn--mesoncamiofrances-nxb.com\/fr\/charte\/\" rel=\"follow noopener\" target=\"_self\" role=\"button\"><div class=\"uagb-button__link\">Vous ne savez pas quoi manger ? D\u00e9couvrez notre menu<\/div><\/a><\/div><\/div>\n\n\n\n<div class=\"wp-block-uagb-buttons-child uagb-buttons__outer-wrap uagb-block-58b0775a wp-block-button\"><div class=\"uagb-button__wrapper\"><a class=\"uagb-buttons-repeater wp-block-button__link\" aria-label=\"\" href=\"https:\/\/www.google.com\/search?q=mes%C3%B3n+cami%C3%B1o+franc%C3%A9s&amp;sca_esv=568775834&amp;ei=_UEUZerWLqqikdUPnq2ZgA8&amp;ved=0ahUKEwiqycnfhcuBAxUqUaQEHZ5WBvAQ4dUDCBE&amp;uact=5&amp;oq=mes%C3%B3n+cami%C3%B1o+franc%C3%A9s&amp;gs_lp=Egxnd3Mtd2l6LXNlcnAiF21lc8OzbiBjYW1pw7FvIGZyYW5jw6lzMgUQABiABDIFEAAYgAQyBRAAGIAESMAcUP4GWKULcAF4AZABAJgBgAOgAdsDqgEFMS4zLTG4AQPIAQD4AQHCAgoQABhHGNYEGLADwgIFEAAYogTiAwQYACBBiAYBkAYI&amp;sclient=gws-wiz-serp#lrd=0xd30477449a99339:0xbda3b220887abcea,1,,,,\" rel=\"follow noopener\" target=\"_self\" role=\"button\"><div class=\"uagb-button__link\">Laissez-nous un commentaire si vous l&rsquo;avez aim\u00e9<\/div><\/a><\/div><\/div>\n<\/div><\/div>\n<\/div>\n\n\n\n<div class=\"wp-block-uagb-container uagb-block-4a72c877\">\n<div class=\"wp-block-uagb-advanced-heading uagb-block-c90e6b74\"><h2 class=\"uagb-heading-text\">Contactez Mes\u00f3n cami\u00f1o Franc\u00e9s en utilisant le formulaire suivant, Vous avez des questions ou des interrogations ? Envoyez-nous un message:<\/h2><\/div>\n\n\n<div class=\"wpforms-container wpforms-block wpforms-block-b20e4cf5-982a-4012-8483-cdfc8b05638b wpforms-render-modern\" id=\"wpforms-12\"><form id=\"wpforms-form-12\" class=\"wpforms-validate wpforms-form\" data-formid=\"12\" method=\"post\" enctype=\"multipart\/form-data\" action=\"\/fr\/wp-json\/wp\/v2\/pages\/1410\" data-token=\"4ddf0fd90bf25847524945f406a93f1a\" data-token-time=\"1776387418\"><noscript class=\"wpforms-error-noscript\">Veuillez activer JavaScript dans votre navigateur pour remplir ce formulaire.<\/noscript><div id=\"wpforms-error-noscript\" style=\"display: none;\">Veuillez activer JavaScript dans votre navigateur pour remplir ce formulaire.<\/div><div class=\"wpforms-field-container\"><div id=\"wpforms-12-field_0-container\" class=\"wpforms-field wpforms-field-name\" data-field-id=\"0\"><fieldset><legend class=\"wpforms-field-label wpforms-label-hide\" aria-hidden=\"false\">Nombre <span class=\"wpforms-required-label\" aria-hidden=\"true\">*<\/span><\/legend><div class=\"wpforms-field-row wpforms-field-large\"><div class=\"wpforms-field-row-block wpforms-first wpforms-one-half\"><input type=\"text\" id=\"wpforms-12-field_0\" class=\"wpforms-field-name-first wpforms-field-required\" name=\"wpforms[fields][0][first]\" placeholder=\"Nombre\" aria-errormessage=\"wpforms-12-field_0-error\" required><label for=\"wpforms-12-field_0\" class=\"wpforms-field-sublabel after\">Pr\u00e9nom<\/label><\/div><div class=\"wpforms-field-row-block wpforms-one-half\"><input type=\"text\" id=\"wpforms-12-field_0-last\" class=\"wpforms-field-name-last wpforms-field-required\" name=\"wpforms[fields][0][last]\" placeholder=\"Apellidos\" aria-errormessage=\"wpforms-12-field_0-last-error\" required><label for=\"wpforms-12-field_0-last\" class=\"wpforms-field-sublabel after\">Nom<\/label><\/div><\/div><\/fieldset><\/div><div id=\"wpforms-12-field_1-container\" class=\"wpforms-field wpforms-field-email\" data-field-id=\"1\"><label class=\"wpforms-field-label wpforms-label-hide\" for=\"wpforms-12-field_1\" aria-hidden=\"false\">Email <span class=\"wpforms-required-label\" aria-hidden=\"true\">*<\/span><\/label><input type=\"email\" id=\"wpforms-12-field_1\" class=\"wpforms-field-medium wpforms-field-required\" name=\"wpforms[fields][1]\" placeholder=\"Email\" spellcheck=\"false\" aria-errormessage=\"wpforms-12-field_1-error\" required><\/div><div id=\"wpforms-12-field_3-container\" class=\"wpforms-field wpforms-field-text\" data-field-id=\"3\"><label class=\"wpforms-field-label\" for=\"wpforms-12-field_3\">Asunto <span class=\"wpforms-required-label\" aria-hidden=\"true\">*<\/span><\/label><input type=\"text\" id=\"wpforms-12-field_3\" class=\"wpforms-field-large wpforms-field-required\" name=\"wpforms[fields][3]\" placeholder=\"Asunto\" aria-errormessage=\"wpforms-12-field_3-error\" required><\/div><div id=\"wpforms-12-field_2-container\" class=\"wpforms-field wpforms-field-textarea\" data-field-id=\"2\"><label class=\"wpforms-field-label\" for=\"wpforms-12-field_2\">Mensaje<\/label><textarea id=\"wpforms-12-field_2\" class=\"wpforms-field-medium\" name=\"wpforms[fields][2]\" placeholder=\"Mensaje\" aria-errormessage=\"wpforms-12-field_2-error\" ><\/textarea><\/div><div id=\"wpforms-12-field_8-container\" class=\"wpforms-field wpforms-field-gdpr-checkbox\" data-field-id=\"8\"><label class=\"wpforms-field-label\">Acuerdo RGPD <span class=\"wpforms-required-label\" aria-hidden=\"true\">*<\/span><\/label><ul id=\"wpforms-12-field_8\" class=\"wpforms-field-required\"><li class=\"choice-1\"><input type=\"checkbox\" id=\"wpforms-12-field_8_1\" name=\"wpforms[fields][8][]\" value=\" He le\u00eddo el &lt;a href=&quot;https:\/\/xn--mesoncamiofrances-nxb.com\/aviso-legal\/&quot;&gt;Aviso Legal&lt;\/a&gt; y acepto la &lt;a href=&quot;https:\/\/xn--mesoncamiofrances-nxb.com\/politica-de-privacidad\/&quot;&gt;Pol\u00edtica de Privacidad&lt;\/a&gt;. \" aria-errormessage=\"wpforms-12-field_8_1-error\" required ><label class=\"wpforms-field-label-inline\" for=\"wpforms-12-field_8_1\"> He le\u00eddo el <a href=\"https:\/\/xn--mesoncamiofrances-nxb.com\/aviso-legal\/\">Aviso Legal<\/a> y acepto la <a href=\"https:\/\/xn--mesoncamiofrances-nxb.com\/politica-de-privacidad\/\">Pol\u00edtica de Privacidad<\/a>. <\/label><\/li><\/ul><\/div><\/div><!-- .wpforms-field-container --><div class=\"wpforms-field wpforms-field-hp\"><label for=\"wpforms-12-field-hp\" class=\"wpforms-field-label\">Website<\/label><input type=\"text\" name=\"wpforms[hp]\" id=\"wpforms-12-field-hp\" class=\"wpforms-field-medium\"><\/div><div class=\"wpforms-submit-container\" ><input type=\"hidden\" name=\"wpforms[id]\" value=\"12\"><input type=\"hidden\" name=\"page_title\" value=\"\"><input type=\"hidden\" name=\"page_url\" value=\"https:\/\/xn--mesoncamiofrances-nxb.com\/fr\/wp-json\/wp\/v2\/pages\/1410\"><input type=\"hidden\" name=\"url_referer\" value=\"\"><button type=\"submit\" name=\"wpforms[submit]\" id=\"wpforms-submit-12\" class=\"wpforms-submit\" data-alt-text=\"Enviando...\" data-submit-text=\"Enviar\" aria-live=\"assertive\" value=\"wpforms-submit\">Enviar<\/button><\/div><\/form><\/div>  <!-- .wpforms-container --><\/div>\n\n\n\n<div class=\"wp-block-uagb-container uagb-block-c3ea6eb7\">\n<div class=\"wp-block-uagb-advanced-heading uagb-block-0ed1e043\"><h3 class=\"uagb-heading-text\">Envoyez-nous vos questions<\/h3><\/div>\n\n\n\n<div class=\"wp-block-uagb-image uagb-block-62191854 wp-block-uagb-image--layout-default wp-block-uagb-image--effect-static wp-block-uagb-image--align-none\"><figure class=\"wp-block-uagb-image__figure\"><img decoding=\"async\" srcset=\"https:\/\/xn--mesoncamiofrances-nxb.com\/wp-content\/uploads\/2023\/05\/107_508936581-1024x683.jpg ,https:\/\/xn--mesoncamiofrances-nxb.com\/wp-content\/uploads\/2023\/05\/107_508936581.jpg 780w, https:\/\/xn--mesoncamiofrances-nxb.com\/wp-content\/uploads\/2023\/05\/107_508936581.jpg 360w\" sizes=\"auto, (max-width: 480px) 150px\" src=\"https:\/\/xn--mesoncamiofrances-nxb.com\/wp-content\/uploads\/2023\/05\/107_508936581-1024x683.jpg\" alt=\"Plaza de la constituci\u00f3n, terrasse du mes\u00f3n cami\u00f1o franc\u00e9s, venez nous rencontrer.\" class=\"uag-image-1474\" width=\"1024\" height=\"683\" title=\"\" loading=\"lazy\" role=\"img\"><\/figure><\/div>\n<\/div>\n<\/div><\/div>\n","protected":false},"excerpt":{"rendered":"<p>Nous contacter \u00a1Bienvenido a nuestra p\u00e1gina de contacto! Aqu\u00ed encontrar\u00e1s todo lo que necesitas para comunicarte con Mes\u00f3n Cami\u00f1o Franc\u00e9s. Contacta con Mes\u00f3n Cami\u00f1o Franc\u00e9s de forma sencilla y obt\u00e9n informaci\u00f3n sobre nuestros horarios, ubicaci\u00f3n en Google Maps y nuestro formulario de contacto. Estamos aqu\u00ed para atender tus preguntas y necesidades. \u00a1Esperamos saber de ti [&hellip;]<\/p>\n","protected":false},"author":1,"featured_media":0,"parent":0,"menu_order":0,"comment_status":"closed","ping_status":"closed","template":"","meta":{"_uag_custom_page_level_css":"","site-sidebar-layout":"no-sidebar","site-content-layout":"plain-container","ast-site-content-layout":"normal-width-container","site-content-style":"unboxed","site-sidebar-style":"unboxed","ast-global-header-display":"","ast-banner-title-visibility":"","ast-main-header-display":"","ast-hfb-above-header-display":"","ast-hfb-below-header-display":"","ast-hfb-mobile-header-display":"","site-post-title":"disabled","ast-breadcrumbs-content":"","ast-featured-img":"disabled","footer-sml-layout":"","theme-transparent-header-meta":"default","adv-header-id-meta":"","stick-header-meta":"","header-above-stick-meta":"","header-main-stick-meta":"","header-below-stick-meta":"","astra-migrate-meta-layouts":"default","ast-page-background-enabled":"default","ast-page-background-meta":{"desktop":{"background-color":"","background-image":"","background-repeat":"repeat","background-position":"center center","background-size":"auto","background-attachment":"scroll","background-type":"","background-media":"","overlay-type":"","overlay-color":"","overlay-opacity":"","overlay-gradient":""},"tablet":{"background-color":"","background-image":"","background-repeat":"repeat","background-position":"center center","background-size":"auto","background-attachment":"scroll","background-type":"","background-media":"","overlay-type":"","overlay-color":"","overlay-opacity":"","overlay-gradient":""},"mobile":{"background-color":"","background-image":"","background-repeat":"repeat","background-position":"center center","background-size":"auto","background-attachment":"scroll","background-type":"","background-media":"","overlay-type":"","overlay-color":"","overlay-opacity":"","overlay-gradient":""}},"ast-content-background-meta":{"desktop":{"background-color":"var(--ast-global-color-5)","background-image":"","background-repeat":"repeat","background-position":"center center","background-size":"auto","background-attachment":"scroll","background-type":"","background-media":"","overlay-type":"","overlay-color":"","overlay-opacity":"","overlay-gradient":""},"tablet":{"background-color":"var(--ast-global-color-5)","background-image":"","background-repeat":"repeat","background-position":"center center","background-size":"auto","background-attachment":"scroll","background-type":"","background-media":"","overlay-type":"","overlay-color":"","overlay-opacity":"","overlay-gradient":""},"mobile":{"background-color":"var(--ast-global-color-5)","background-image":"","background-repeat":"repeat","background-position":"center center","background-size":"auto","background-attachment":"scroll","background-type":"","background-media":"","overlay-type":"","overlay-color":"","overlay-opacity":"","overlay-gradient":""}},"footnotes":""},"class_list":["post-1410","page","type-page","status-publish","hentry"],"yoast_head":"<!-- This site is optimized with the Yoast SEO plugin v25.6 - https:\/\/yoast.com\/wordpress\/plugins\/seo\/ -->\n<title>Contact avec Mes\u00f3n Cami\u00f1o Franc\u00e9s - Mes\u00f3n Cami\u00f1o Franc\u00e9s<\/title>\n<meta name=\"description\" content=\"Contact avec Mes\u00f3n Cami\u00f1o Franc\u00e9s : \u00e0 partir du formulaire de contact, par courrier \u00e9lectronique, par t\u00e9l\u00e9phone ou physiquement. Vous trouverez ici toutes les informations.\" \/>\n<meta name=\"robots\" content=\"index, follow, max-snippet:-1, max-image-preview:large, max-video-preview:-1\" \/>\n<link rel=\"canonical\" href=\"https:\/\/xn--mesoncamiofrances-nxb.com\/fr\/contact\/\" \/>\n<meta property=\"og:locale\" content=\"fr_FR\" \/>\n<meta property=\"og:type\" content=\"article\" \/>\n<meta property=\"og:title\" content=\"Contact avec Mes\u00f3n Cami\u00f1o Franc\u00e9s - Mes\u00f3n Cami\u00f1o Franc\u00e9s\" \/>\n<meta property=\"og:description\" content=\"Contact avec Mes\u00f3n Cami\u00f1o Franc\u00e9s : \u00e0 partir du formulaire de contact, par courrier \u00e9lectronique, par t\u00e9l\u00e9phone ou physiquement. Vous trouverez ici toutes les informations.\" \/>\n<meta property=\"og:url\" content=\"https:\/\/xn--mesoncamiofrances-nxb.com\/fr\/contact\/\" \/>\n<meta property=\"og:site_name\" content=\"Mes\u00f3n Cami\u00f1o Franc\u00e9s\" \/>\n<meta property=\"article:modified_time\" content=\"2025-04-25T16:02:58+00:00\" \/>\n<meta property=\"og:image\" content=\"https:\/\/xn--mesoncamiofrances-nxb.com\/wp-content\/uploads\/2023\/05\/107_508936581-1024x683.jpg\" \/>\n<meta name=\"twitter:card\" content=\"summary_large_image\" \/>\n<meta name=\"twitter:label1\" content=\"Dur\u00e9e de lecture estim\u00e9e\" \/>\n\t<meta name=\"twitter:data1\" content=\"1 minute\" \/>\n<script type=\"application\/ld+json\" class=\"yoast-schema-graph\">{\"@context\":\"https:\/\/schema.org\",\"@graph\":[{\"@type\":\"WebPage\",\"@id\":\"https:\/\/xn--mesoncamiofrances-nxb.com\/fr\/contact\/\",\"url\":\"https:\/\/xn--mesoncamiofrances-nxb.com\/fr\/contact\/\",\"name\":\"Contact avec Mes\u00f3n Cami\u00f1o Franc\u00e9s - Mes\u00f3n Cami\u00f1o Franc\u00e9s\",\"isPartOf\":{\"@id\":\"https:\/\/xn--mesoncamiofrances-nxb.com\/#website\"},\"primaryImageOfPage\":{\"@id\":\"https:\/\/xn--mesoncamiofrances-nxb.com\/fr\/contact\/#primaryimage\"},\"image\":{\"@id\":\"https:\/\/xn--mesoncamiofrances-nxb.com\/fr\/contact\/#primaryimage\"},\"thumbnailUrl\":\"https:\/\/xn--mesoncamiofrances-nxb.com\/wp-content\/uploads\/2023\/05\/107_508936581-1024x683.jpg\",\"datePublished\":\"2020-09-16T11:15:56+00:00\",\"dateModified\":\"2025-04-25T16:02:58+00:00\",\"description\":\"Contact avec Mes\u00f3n Cami\u00f1o Franc\u00e9s : \u00e0 partir du formulaire de contact, par courrier \u00e9lectronique, par t\u00e9l\u00e9phone ou physiquement. Vous trouverez ici toutes les informations.\",\"breadcrumb\":{\"@id\":\"https:\/\/xn--mesoncamiofrances-nxb.com\/fr\/contact\/#breadcrumb\"},\"inLanguage\":\"fr-FR\",\"potentialAction\":[{\"@type\":\"ReadAction\",\"target\":[\"https:\/\/xn--mesoncamiofrances-nxb.com\/fr\/contact\/\"]}]},{\"@type\":\"ImageObject\",\"inLanguage\":\"fr-FR\",\"@id\":\"https:\/\/xn--mesoncamiofrances-nxb.com\/fr\/contact\/#primaryimage\",\"url\":\"https:\/\/xn--mesoncamiofrances-nxb.com\/wp-content\/uploads\/2023\/05\/107_508936581-1024x683.jpg\",\"contentUrl\":\"https:\/\/xn--mesoncamiofrances-nxb.com\/wp-content\/uploads\/2023\/05\/107_508936581-1024x683.jpg\"},{\"@type\":\"BreadcrumbList\",\"@id\":\"https:\/\/xn--mesoncamiofrances-nxb.com\/fr\/contact\/#breadcrumb\",\"itemListElement\":[{\"@type\":\"ListItem\",\"position\":1,\"name\":\"Portada\",\"item\":\"https:\/\/xn--mesoncamiofrances-nxb.com\/fr\/\"},{\"@type\":\"ListItem\",\"position\":2,\"name\":\"Contact\"}]},{\"@type\":\"WebSite\",\"@id\":\"https:\/\/xn--mesoncamiofrances-nxb.com\/#website\",\"url\":\"https:\/\/xn--mesoncamiofrances-nxb.com\/\",\"name\":\"Mes\u00f3n Cami\u00f1o Franc\u00e9s\",\"description\":\"Sitio web de Mes&oacute;n Cami&ntilde;o Franc&eacute;s\",\"publisher\":{\"@id\":\"https:\/\/xn--mesoncamiofrances-nxb.com\/#organization\"},\"potentialAction\":[{\"@type\":\"SearchAction\",\"target\":{\"@type\":\"EntryPoint\",\"urlTemplate\":\"https:\/\/xn--mesoncamiofrances-nxb.com\/?s={search_term_string}\"},\"query-input\":{\"@type\":\"PropertyValueSpecification\",\"valueRequired\":true,\"valueName\":\"search_term_string\"}}],\"inLanguage\":\"fr-FR\"},{\"@type\":\"Organization\",\"@id\":\"https:\/\/xn--mesoncamiofrances-nxb.com\/#organization\",\"name\":\"Mes\u00f3n Cami\u00f1o Franc\u00e9s\",\"url\":\"https:\/\/xn--mesoncamiofrances-nxb.com\/\",\"logo\":{\"@type\":\"ImageObject\",\"inLanguage\":\"fr-FR\",\"@id\":\"https:\/\/xn--mesoncamiofrances-nxb.com\/#\/schema\/logo\/image\/\",\"url\":\"https:\/\/xn--mesoncamiofrances-nxb.com\/wp-content\/uploads\/2024\/03\/Logo-Meson-Camino-Frances.png\",\"contentUrl\":\"https:\/\/xn--mesoncamiofrances-nxb.com\/wp-content\/uploads\/2024\/03\/Logo-Meson-Camino-Frances.png\",\"width\":442,\"height\":314,\"caption\":\"Mes\u00f3n Cami\u00f1o Franc\u00e9s\"},\"image\":{\"@id\":\"https:\/\/xn--mesoncamiofrances-nxb.com\/#\/schema\/logo\/image\/\"}}]}<\/script>\n<!-- \/ Yoast SEO plugin. -->","yoast_head_json":{"title":"Contact avec Mes\u00f3n Cami\u00f1o Franc\u00e9s - Mes\u00f3n Cami\u00f1o Franc\u00e9s","description":"Contact avec Mes\u00f3n Cami\u00f1o Franc\u00e9s : \u00e0 partir du formulaire de contact, par courrier \u00e9lectronique, par t\u00e9l\u00e9phone ou physiquement. Vous trouverez ici toutes les informations.","robots":{"index":"index","follow":"follow","max-snippet":"max-snippet:-1","max-image-preview":"max-image-preview:large","max-video-preview":"max-video-preview:-1"},"canonical":"https:\/\/xn--mesoncamiofrances-nxb.com\/fr\/contact\/","og_locale":"fr_FR","og_type":"article","og_title":"Contact avec Mes\u00f3n Cami\u00f1o Franc\u00e9s - Mes\u00f3n Cami\u00f1o Franc\u00e9s","og_description":"Contact avec Mes\u00f3n Cami\u00f1o Franc\u00e9s : \u00e0 partir du formulaire de contact, par courrier \u00e9lectronique, par t\u00e9l\u00e9phone ou physiquement. Vous trouverez ici toutes les informations.","og_url":"https:\/\/xn--mesoncamiofrances-nxb.com\/fr\/contact\/","og_site_name":"Mes\u00f3n Cami\u00f1o Franc\u00e9s","article_modified_time":"2025-04-25T16:02:58+00:00","og_image":[{"url":"https:\/\/xn--mesoncamiofrances-nxb.com\/wp-content\/uploads\/2023\/05\/107_508936581-1024x683.jpg","type":"","width":"","height":""}],"twitter_card":"summary_large_image","twitter_misc":{"Dur\u00e9e de lecture estim\u00e9e":"1 minute"},"schema":{"@context":"https:\/\/schema.org","@graph":[{"@type":"WebPage","@id":"https:\/\/xn--mesoncamiofrances-nxb.com\/fr\/contact\/","url":"https:\/\/xn--mesoncamiofrances-nxb.com\/fr\/contact\/","name":"Contact avec Mes\u00f3n Cami\u00f1o Franc\u00e9s - Mes\u00f3n Cami\u00f1o Franc\u00e9s","isPartOf":{"@id":"https:\/\/xn--mesoncamiofrances-nxb.com\/#website"},"primaryImageOfPage":{"@id":"https:\/\/xn--mesoncamiofrances-nxb.com\/fr\/contact\/#primaryimage"},"image":{"@id":"https:\/\/xn--mesoncamiofrances-nxb.com\/fr\/contact\/#primaryimage"},"thumbnailUrl":"https:\/\/xn--mesoncamiofrances-nxb.com\/wp-content\/uploads\/2023\/05\/107_508936581-1024x683.jpg","datePublished":"2020-09-16T11:15:56+00:00","dateModified":"2025-04-25T16:02:58+00:00","description":"Contact avec Mes\u00f3n Cami\u00f1o Franc\u00e9s : \u00e0 partir du formulaire de contact, par courrier \u00e9lectronique, par t\u00e9l\u00e9phone ou physiquement. Vous trouverez ici toutes les informations.","breadcrumb":{"@id":"https:\/\/xn--mesoncamiofrances-nxb.com\/fr\/contact\/#breadcrumb"},"inLanguage":"fr-FR","potentialAction":[{"@type":"ReadAction","target":["https:\/\/xn--mesoncamiofrances-nxb.com\/fr\/contact\/"]}]},{"@type":"ImageObject","inLanguage":"fr-FR","@id":"https:\/\/xn--mesoncamiofrances-nxb.com\/fr\/contact\/#primaryimage","url":"https:\/\/xn--mesoncamiofrances-nxb.com\/wp-content\/uploads\/2023\/05\/107_508936581-1024x683.jpg","contentUrl":"https:\/\/xn--mesoncamiofrances-nxb.com\/wp-content\/uploads\/2023\/05\/107_508936581-1024x683.jpg"},{"@type":"BreadcrumbList","@id":"https:\/\/xn--mesoncamiofrances-nxb.com\/fr\/contact\/#breadcrumb","itemListElement":[{"@type":"ListItem","position":1,"name":"Portada","item":"https:\/\/xn--mesoncamiofrances-nxb.com\/fr\/"},{"@type":"ListItem","position":2,"name":"Contact"}]},{"@type":"WebSite","@id":"https:\/\/xn--mesoncamiofrances-nxb.com\/#website","url":"https:\/\/xn--mesoncamiofrances-nxb.com\/","name":"Mes\u00f3n Cami\u00f1o Franc\u00e9s","description":"Sitio web de Mes&oacute;n Cami&ntilde;o Franc&eacute;s","publisher":{"@id":"https:\/\/xn--mesoncamiofrances-nxb.com\/#organization"},"potentialAction":[{"@type":"SearchAction","target":{"@type":"EntryPoint","urlTemplate":"https:\/\/xn--mesoncamiofrances-nxb.com\/?s={search_term_string}"},"query-input":{"@type":"PropertyValueSpecification","valueRequired":true,"valueName":"search_term_string"}}],"inLanguage":"fr-FR"},{"@type":"Organization","@id":"https:\/\/xn--mesoncamiofrances-nxb.com\/#organization","name":"Mes\u00f3n Cami\u00f1o Franc\u00e9s","url":"https:\/\/xn--mesoncamiofrances-nxb.com\/","logo":{"@type":"ImageObject","inLanguage":"fr-FR","@id":"https:\/\/xn--mesoncamiofrances-nxb.com\/#\/schema\/logo\/image\/","url":"https:\/\/xn--mesoncamiofrances-nxb.com\/wp-content\/uploads\/2024\/03\/Logo-Meson-Camino-Frances.png","contentUrl":"https:\/\/xn--mesoncamiofrances-nxb.com\/wp-content\/uploads\/2024\/03\/Logo-Meson-Camino-Frances.png","width":442,"height":314,"caption":"Mes\u00f3n Cami\u00f1o Franc\u00e9s"},"image":{"@id":"https:\/\/xn--mesoncamiofrances-nxb.com\/#\/schema\/logo\/image\/"}}]}},"uagb_featured_image_src":{"full":false,"thumbnail":false,"medium":false,"medium_large":false,"large":false,"1536x1536":false,"2048x2048":false},"uagb_author_info":{"display_name":"caminofrances","author_link":"https:\/\/xn--mesoncamiofrances-nxb.com\/fr\/author\/caminofrances\/"},"uagb_comment_info":0,"uagb_excerpt":"Nous contacter \u00a1Bienvenido a nuestra p\u00e1gina de contacto! Aqu\u00ed encontrar\u00e1s todo lo que necesitas para comunicarte con Mes\u00f3n Cami\u00f1o Franc\u00e9s. Contacta con Mes\u00f3n Cami\u00f1o Franc\u00e9s de forma sencilla y obt\u00e9n informaci\u00f3n sobre nuestros horarios, ubicaci\u00f3n en Google Maps y nuestro formulario de contacto. Estamos aqu\u00ed para atender tus preguntas y necesidades. \u00a1Esperamos saber de ti\u2026","_links":{"self":[{"href":"https:\/\/xn--mesoncamiofrances-nxb.com\/fr\/wp-json\/wp\/v2\/pages\/1410","targetHints":{"allow":["GET"]}}],"collection":[{"href":"https:\/\/xn--mesoncamiofrances-nxb.com\/fr\/wp-json\/wp\/v2\/pages"}],"about":[{"href":"https:\/\/xn--mesoncamiofrances-nxb.com\/fr\/wp-json\/wp\/v2\/types\/page"}],"author":[{"embeddable":true,"href":"https:\/\/xn--mesoncamiofrances-nxb.com\/fr\/wp-json\/wp\/v2\/users\/1"}],"replies":[{"embeddable":true,"href":"https:\/\/xn--mesoncamiofrances-nxb.com\/fr\/wp-json\/wp\/v2\/comments?post=1410"}],"version-history":[{"count":4,"href":"https:\/\/xn--mesoncamiofrances-nxb.com\/fr\/wp-json\/wp\/v2\/pages\/1410\/revisions"}],"predecessor-version":[{"id":3357,"href":"https:\/\/xn--mesoncamiofrances-nxb.com\/fr\/wp-json\/wp\/v2\/pages\/1410\/revisions\/3357"}],"wp:attachment":[{"href":"https:\/\/xn--mesoncamiofrances-nxb.com\/fr\/wp-json\/wp\/v2\/media?parent=1410"}],"curies":[{"name":"wp","href":"https:\/\/api.w.org\/{rel}","templated":true}]}}